{"id":402,"date":"2025-09-24T04:44:54","date_gmt":"2025-09-24T04:44:54","guid":{"rendered":"https:\/\/factoryforexrebate.com\/?page_id=402"},"modified":"2025-12-05T04:14:32","modified_gmt":"2025-12-05T04:14:32","slug":"thay-doi-ib","status":"publish","type":"page","link":"https:\/\/factoryforexrebate.com\/vi\/change-ib\/","title":{"rendered":"Thay \u0111\u1ed5i IB"},"content":{"rendered":"<div data-elementor-type=\"wp-page\" data-elementor-id=\"402\" class=\"elementor elementor-402\" data-elementor-post-type=\"page\">\n\t\t\t\t<div class=\"elementor-element elementor-element-11b7180 e-flex e-con-boxed e-con e-parent\" data-id=\"11b7180\" data-element_type=\"container\" data-e-type=\"container\">\n\t\t\t\t\t<div class=\"e-con-inner\">\n\t\t\t\t<div class=\"elementor-element elementor-element-694c8b2 elementor-widget elementor-widget-heading\" data-id=\"694c8b2\" data-element_type=\"widget\" data-e-type=\"widget\" data-widget_type=\"heading.default\">\n\t\t\t\t\t<h2 class=\"elementor-heading-title elementor-size-default\">C\u00e1ch chuy\u1ec3n IB t\u1eeb IB A sang IB B v\u1edbi nh\u00e0 m\u00f4i gi\u1edbi c\u1ee7a b\u1ea1n<\/h2>\t\t\t\t<\/div>\n\t\t\t\t<div class=\"elementor-element elementor-element-39047ce elementor-widget-divider--view-line elementor-widget elementor-widget-divider\" data-id=\"39047ce\" data-element_type=\"widget\" data-e-type=\"widget\" data-widget_type=\"divider.default\">\n\t\t\t\t\t\t\t<div class=\"elementor-divider\">\n\t\t\t<span class=\"elementor-divider-separator\">\n\t\t\t\t\t\t<\/span>\n\t\t<\/div>\n\t\t\t\t\t\t<\/div>\n\t\t\t\t\t<\/div>\n\t\t\t\t<\/div>\n\t\t<div class=\"elementor-element elementor-element-7b5e994 e-flex e-con-boxed e-con e-parent\" data-id=\"7b5e994\" data-element_type=\"container\" data-e-type=\"container\">\n\t\t\t\t\t<div class=\"e-con-inner\">\n\t\t<div class=\"elementor-element elementor-element-1a4dcc2 e-con-full e-flex e-con e-child\" data-id=\"1a4dcc2\" data-element_type=\"container\" data-e-type=\"container\">\n\t\t\t\t<div class=\"elementor-element elementor-element-791a444 elementor-widget elementor-widget-image\" data-id=\"791a444\" data-element_type=\"widget\" data-e-type=\"widget\" data-widget_type=\"image.default\">\n\t\t\t\t\t\t\t\t\t\t\t\t\t\t\t<img fetchpriority=\"high\" decoding=\"async\" width=\"667\" height=\"417\" src=\"https:\/\/factoryforexrebate.com\/wp-content\/uploads\/2025\/09\/headway-broker-image.jpg\" class=\"attachment-large size-large wp-image-70\" alt=\"\" srcset=\"https:\/\/factoryforexrebate.com\/wp-content\/uploads\/2025\/09\/headway-broker-image.jpg 667w, https:\/\/factoryforexrebate.com\/wp-content\/uploads\/2025\/09\/headway-broker-image-300x188.jpg 300w\" sizes=\"(max-width: 667px) 100vw, 667px\" \/>\t\t\t\t\t\t\t\t\t\t\t\t\t\t\t<\/div>\n\t\t\t\t<\/div>\n\t\t<div class=\"elementor-element elementor-element-f19fb52 e-con-full e-flex e-con e-child\" data-id=\"f19fb52\" data-element_type=\"container\" data-e-type=\"container\">\n\t\t\t\t<div class=\"elementor-element elementor-element-9981b64 elementor-widget elementor-widget-text-editor\" data-id=\"9981b64\" data-element_type=\"widget\" data-e-type=\"widget\" data-widget_type=\"text-editor.default\">\n\t\t\t\t\t\t\t\t\t<h3 data-start=\"387\" data-end=\"421\"><strong data-start=\"391\" data-end=\"421\">Chuy\u1ec3n IB \u1edf Headway<\/strong><\/h3><p data-start=\"422\" data-end=\"432\"><strong data-start=\"422\" data-end=\"432\">C\u00e1c b\u01b0\u1edbc:<\/strong><\/p><ul data-start=\"433\" data-end=\"818\"><li data-start=\"433\" data-end=\"513\"><p>Vui l\u00f2ng sao ch\u00e9p v\u0103n b\u1ea3n b\u00ean d\u01b0\u1edbi, d\u00e1n n\u00f3 v\u00e0 g\u1eedi n\u00f3 qua email: partner@hw.site<br \/>Ch\u1ee7 \u0111\u1ec1 email: V\u1ecb tr\u00ed IB<br \/>\u0110\u1ed9i Headway th\u00e2n m\u1ebfn,<\/p><p>Vui l\u00f2ng chuy\u1ec3n t\u00e0i kho\u1ea3n c\u1ee7a t\u00f4i sang IB 3805852. C\u1ea3m \u01a1n b\u1ea1n.<\/p><\/li><\/ul>\t\t\t\t\t\t\t\t<\/div>\n\t\t\t\t<\/div>\n\t\t\t\t\t<\/div>\n\t\t\t\t<\/div>\n\t\t<div class=\"elementor-element elementor-element-7d9da92 e-flex e-con-boxed e-con e-parent\" data-id=\"7d9da92\" data-element_type=\"container\" data-e-type=\"container\">\n\t\t\t\t\t<div class=\"e-con-inner\">\n\t\t<div class=\"elementor-element elementor-element-fa17cf0 e-con-full e-flex e-con e-child\" data-id=\"fa17cf0\" data-element_type=\"container\" data-e-type=\"container\">\n\t\t\t\t<div class=\"elementor-element elementor-element-a94c1e5 elementor-widget elementor-widget-image\" data-id=\"a94c1e5\" data-element_type=\"widget\" data-e-type=\"widget\" data-widget_type=\"image.default\">\n\t\t\t\t\t\t\t\t\t\t\t\t\t\t\t<img decoding=\"async\" width=\"667\" height=\"417\" src=\"https:\/\/factoryforexrebate.com\/wp-content\/uploads\/2025\/09\/justmarkets-market.jpg\" class=\"attachment-large size-large wp-image-65\" alt=\"JustMarkets gi\u1ea3m gi\u00e1\" srcset=\"https:\/\/factoryforexrebate.com\/wp-content\/uploads\/2025\/09\/justmarkets-market.jpg 667w, https:\/\/factoryforexrebate.com\/wp-content\/uploads\/2025\/09\/justmarkets-market-300x188.jpg 300w\" sizes=\"(max-width: 667px) 100vw, 667px\" \/>\t\t\t\t\t\t\t\t\t\t\t\t\t\t\t<\/div>\n\t\t\t\t<\/div>\n\t\t<div class=\"elementor-element elementor-element-381fb8d e-con-full e-flex e-con e-child\" data-id=\"381fb8d\" data-element_type=\"container\" data-e-type=\"container\">\n\t\t\t\t<div class=\"elementor-element elementor-element-56a5e98 elementor-widget elementor-widget-text-editor\" data-id=\"56a5e98\" data-element_type=\"widget\" data-e-type=\"widget\" data-widget_type=\"text-editor.default\">\n\t\t\t\t\t\t\t\t\t<h3 data-start=\"825\" data-end=\"863\"><strong data-start=\"829\" data-end=\"863\">Chuy\u1ec3n IB t\u1ea1i JustMarkets<\/strong><\/h3><p data-start=\"864\" data-end=\"874\"><strong data-start=\"864\" data-end=\"874\">C\u00e1c b\u01b0\u1edbc:<\/strong><\/p><ul data-start=\"875\" data-end=\"1287\"><li data-start=\"875\" data-end=\"982\"><p>C\u00e1ch kh\u00e1ch h\u00e0ng c\u00f3 th\u1ec3 chuy\u1ec3n \u0111\u1ed5i IBS<\/p><p>Kh\u00e1ch h\u00e0ng truy c\u1eadp li\u00ean k\u1ebft JustMarket \u0111\u1ec3 y\u00eau c\u1ea7u chuy\u1ec3n IB.<br \/>https:\/\/justmarketsidn.top\/spa\/system\/partner-change<\/p><p>Kh\u00e1ch h\u00e0ng \u0111i\u1ec1n th\u00f4ng tin c\u1ea7n thi\u1ebft (nh\u01b0 trong h\u00ecnh \u0111\u00ednh k\u00e8m).<\/p><p>Qu\u00e1 tr\u00ecnh chuy\u1ec3n IB m\u1ea5t t\u1ed1i \u0111a 1 \u00d7 24 gi\u1edd.<\/p><p>Sau khi chuy\u1ec3n \u0111\u1ed5i th\u00e0nh c\u00f4ng IBS, kh\u00e1ch h\u00e0ng s\u1ebd m\u1edf m\u1ed9t t\u00e0i kho\u1ea3n giao d\u1ecbch m\u1edbi. IB m\u1edbi s\u1ebd ki\u1ebfm \u0111\u01b0\u1ee3c hoa h\u1ed3ng n\u1ebfu kh\u00e1ch h\u00e0ng giao d\u1ecbch theo t\u00e0i kho\u1ea3n m\u1edbi.<\/p><p>Li\u00ean k\u1ebft IB: https:\/\/one.justmarkets.link\/a\/t11xD0xWgz<\/p><p>M\u00e3 IB: T11XD0XWGZ<\/p><\/li><\/ul>\t\t\t\t\t\t\t\t<\/div>\n\t\t\t\t<\/div>\n\t\t\t\t\t<\/div>\n\t\t\t\t<\/div>\n\t\t<div class=\"elementor-element elementor-element-48c9881 e-flex e-con-boxed e-con e-parent\" data-id=\"48c9881\" data-element_type=\"container\" data-e-type=\"container\">\n\t\t\t\t\t<div class=\"e-con-inner\">\n\t\t<div class=\"elementor-element elementor-element-371ec05 e-con-full e-flex e-con e-child\" data-id=\"371ec05\" data-element_type=\"container\" data-e-type=\"container\">\n\t\t\t\t<div class=\"elementor-element elementor-element-1b8b9ec elementor-widget elementor-widget-image\" data-id=\"1b8b9ec\" data-element_type=\"widget\" data-e-type=\"widget\" data-widget_type=\"image.default\">\n\t\t\t\t\t\t\t\t\t\t\t\t\t\t\t<img decoding=\"async\" width=\"667\" height=\"417\" src=\"https:\/\/factoryforexrebate.com\/wp-content\/uploads\/2025\/09\/hfm-broker-image.jpg\" class=\"attachment-large size-large wp-image-72\" alt=\"H\u00ecnh \u1ea3nh m\u00f4i gi\u1edbi HFM\" srcset=\"https:\/\/factoryforexrebate.com\/wp-content\/uploads\/2025\/09\/hfm-broker-image.jpg 667w, https:\/\/factoryforexrebate.com\/wp-content\/uploads\/2025\/09\/hfm-broker-image-300x188.jpg 300w\" sizes=\"(max-width: 667px) 100vw, 667px\" \/>\t\t\t\t\t\t\t\t\t\t\t\t\t\t\t<\/div>\n\t\t\t\t<\/div>\n\t\t<div class=\"elementor-element elementor-element-289ee40 e-con-full e-flex e-con e-child\" data-id=\"289ee40\" data-element_type=\"container\" data-e-type=\"container\">\n\t\t\t\t<div class=\"elementor-element elementor-element-0ac86a7 elementor-widget elementor-widget-text-editor\" data-id=\"0ac86a7\" data-element_type=\"widget\" data-e-type=\"widget\" data-widget_type=\"text-editor.default\">\n\t\t\t\t\t\t\t\t\t<h3 data-start=\"1294\" data-end=\"1335\"><strong data-start=\"1298\" data-end=\"1335\">Chuy\u1ec3n IB t\u1ea1i HFM (HotForex)<\/strong><\/h3><p data-start=\"1336\" data-end=\"1346\"><strong data-start=\"1336\" data-end=\"1346\">C\u00e1c b\u01b0\u1edbc:<\/strong><\/p><ul data-start=\"1347\" data-end=\"1714\"><li data-start=\"1347\" data-end=\"1443\"><p>Vui l\u00f2ng sao ch\u00e9p v\u0103n b\u1ea3n b\u00ean d\u01b0\u1edbi, d\u00e1n v\u00e0 g\u1eedi email \u0111\u1ebfn: indonesia@hfm.com b\u1eb1ng Gmail ho\u1eb7c c\u00e1c \u0111\u1ecba ch\u1ec9 email kh\u00e1c.<br \/>Ch\u1ee7 \u0111\u1ec1 email: V\u1ecb tr\u00ed IB<\/p><p>K\u00ednh g\u1eedi \u0110\u1ed9i HFM,<\/p><p>Vui l\u00f2ng di chuy\u1ec3n ID v\u00ed c\u1ee7a t\u00f4i: XXXXXXX v\u00e0 t\u1ea5t c\u1ea3 c\u00e1c t\u00e0i kho\u1ea3n MT4 \/ MT5 c\u1ee7a t\u00f4i theo IB: 339560, v\u00ec IB n\u00e0y s\u1ebd chia s\u1ebb kho\u1ea3n gi\u1ea3m gi\u00e1.<\/p><p>H\u00e3y x\u1eed l\u00fd vi\u1ec7c n\u00e0y ngay l\u1eadp t\u1ee9c. C\u1ea3m \u01a1n b\u1ea1n.<\/p><\/li><\/ul>\t\t\t\t\t\t\t\t<\/div>\n\t\t\t\t<\/div>\n\t\t\t\t\t<\/div>\n\t\t\t\t<\/div>\n\t\t<div class=\"elementor-element elementor-element-77cf9b5 e-flex e-con-boxed e-con e-parent\" data-id=\"77cf9b5\" data-element_type=\"container\" data-e-type=\"container\">\n\t\t\t\t\t<div class=\"e-con-inner\">\n\t\t<div class=\"elementor-element elementor-element-e5cc8af e-con-full e-flex e-con e-child\" data-id=\"e5cc8af\" data-element_type=\"container\" data-e-type=\"container\">\n\t\t\t\t<div class=\"elementor-element elementor-element-b492464 elementor-widget elementor-widget-image\" data-id=\"b492464\" data-element_type=\"widget\" data-e-type=\"widget\" data-widget_type=\"image.default\">\n\t\t\t\t\t\t\t\t\t\t\t\t\t\t\t<img loading=\"lazy\" decoding=\"async\" width=\"667\" height=\"417\" src=\"https:\/\/factoryforexrebate.com\/wp-content\/uploads\/2025\/09\/list-broker-xm.png\" class=\"attachment-large size-large wp-image-60\" alt=\"Danh s\u00e1ch m\u00f4i gi\u1edbi-xm\" srcset=\"https:\/\/factoryforexrebate.com\/wp-content\/uploads\/2025\/09\/list-broker-xm.png 667w, https:\/\/factoryforexrebate.com\/wp-content\/uploads\/2025\/09\/list-broker-xm-300x188.png 300w\" sizes=\"(max-width: 667px) 100vw, 667px\" \/>\t\t\t\t\t\t\t\t\t\t\t\t\t\t\t<\/div>\n\t\t\t\t<\/div>\n\t\t<div class=\"elementor-element elementor-element-d61f090 e-con-full e-flex e-con e-child\" data-id=\"d61f090\" data-element_type=\"container\" data-e-type=\"container\">\n\t\t\t\t<div class=\"elementor-element elementor-element-0ee4a0d elementor-widget elementor-widget-text-editor\" data-id=\"0ee4a0d\" data-element_type=\"widget\" data-e-type=\"widget\" data-widget_type=\"text-editor.default\">\n\t\t\t\t\t\t\t\t\t<h3 data-start=\"1721\" data-end=\"1750\"><strong data-start=\"1725\" data-end=\"1750\">Chuy\u1ec3n IB t\u1ea1i XM<\/strong><\/h3><p data-start=\"1751\" data-end=\"1761\"><strong data-start=\"1751\" data-end=\"1761\">C\u00e1c b\u01b0\u1edbc:<\/strong><\/p><ul data-start=\"1762\" data-end=\"2118\"><li data-start=\"2008\" data-end=\"2118\"><p data-start=\"2010\" data-end=\"2118\">C\u00e1ch chuy\u1ec3n \u0111\u1ed5i t\u00e0i kho\u1ea3n XM IB<br \/>\u0110\u0103ng nh\u1eadp qua \u0111\u01b0\u1eddng link sau:<br \/>https:\/\/clicks.pipaffiliates.com\/c?c=376664&amp;l=id&amp;p=0<br \/>\u0110\u0103ng nh\u1eadp b\u1eb1ng chi ti\u1ebft c\u0169 c\u1ee7a b\u1ea1n, sau \u0111\u00f3 th\u00eam t\u00e0i kho\u1ea3n m\u1edbi. T\u00e0i kho\u1ea3n m\u1edbi n\u00e0y s\u1ebd thu\u1ed9c IB c\u1ee7a ch\u00fang t\u00f4i.<br \/>L\u00e0m t\u01b0\u01a1ng t\u1ef1 cho m\u1ed7i t\u00e0i kho\u1ea3n m\u1edbi b\u1ea1n th\u00eam.<br \/>Ho\u1eb7c, \u0111\u1ec3 th\u00eam t\u00e0i kho\u1ea3n m\u1edbi, h\u00e3y nh\u1eadp m\u00e3 IB: 6JBMJ<\/p><\/li><\/ul>\t\t\t\t\t\t\t\t<\/div>\n\t\t\t\t<\/div>\n\t\t\t\t\t<\/div>\n\t\t\t\t<\/div>\n\t\t<div class=\"elementor-element elementor-element-c958b76 e-flex e-con-boxed e-con e-parent\" data-id=\"c958b76\" data-element_type=\"container\" data-e-type=\"container\">\n\t\t\t\t\t<div class=\"e-con-inner\">\n\t\t<div class=\"elementor-element elementor-element-23ba0c5 e-con-full e-flex e-con e-child\" data-id=\"23ba0c5\" data-element_type=\"container\" data-e-type=\"container\">\n\t\t\t\t<div class=\"elementor-element elementor-element-fe05ac2 elementor-widget elementor-widget-image\" data-id=\"fe05ac2\" data-element_type=\"widget\" data-e-type=\"widget\" data-widget_type=\"image.default\">\n\t\t\t\t\t\t\t\t\t\t\t\t\t\t\t<img loading=\"lazy\" decoding=\"async\" width=\"667\" height=\"417\" src=\"https:\/\/factoryforexrebate.com\/wp-content\/uploads\/2025\/09\/fbs-market.jpg\" class=\"attachment-large size-large wp-image-64\" alt=\"Th\u1ecb tr\u01b0\u1eddng FBS\" srcset=\"https:\/\/factoryforexrebate.com\/wp-content\/uploads\/2025\/09\/fbs-market.jpg 667w, https:\/\/factoryforexrebate.com\/wp-content\/uploads\/2025\/09\/fbs-market-300x188.jpg 300w\" sizes=\"(max-width: 667px) 100vw, 667px\" \/>\t\t\t\t\t\t\t\t\t\t\t\t\t\t\t<\/div>\n\t\t\t\t<\/div>\n\t\t<div class=\"elementor-element elementor-element-88851ca e-con-full e-flex e-con e-child\" data-id=\"88851ca\" data-element_type=\"container\" data-e-type=\"container\">\n\t\t\t\t<div class=\"elementor-element elementor-element-5e3aa05 elementor-widget elementor-widget-text-editor\" data-id=\"5e3aa05\" data-element_type=\"widget\" data-e-type=\"widget\" data-widget_type=\"text-editor.default\">\n\t\t\t\t\t\t\t\t\t<h3 data-start=\"2125\" data-end=\"2155\"><strong data-start=\"2129\" data-end=\"2155\">Chuy\u1ec3n IB t\u1ea1i FBS<\/strong><\/h3><p data-start=\"2156\" data-end=\"2166\"><strong data-start=\"2156\" data-end=\"2166\">C\u00e1c b\u01b0\u1edbc:<\/strong><\/p><ul data-start=\"2167\" data-end=\"2505\"><li data-start=\"2167\" data-end=\"2238\"><p data-start=\"2169\" data-end=\"2238\">G\u1eedi email t\u1edbi support@fbs.com Ch\u1ee7 \u0111\u1ec1: Di chuy\u1ec3n IB Vui l\u00f2ng chuy\u1ec3n t\u1ea5t c\u1ea3 c\u00e1c t\u00e0i kho\u1ea3n MT4 &amp; MT5 c\u1ee7a t\u00f4i v\u1edbi s\u1ed1 ID kh\u00e1ch h\u00e0ng sang IB (942368) L\u00fd do: Nh\u1eadn gi\u1ea3m gi\u00e1 Kh\u00e1ch h\u00e0ng \u0111\u00e3 \u0111\u00ednh k\u00e8m th\u1ebb ID c\u1ee7a h\u1ecd.<\/p><\/li><\/ul>\t\t\t\t\t\t\t\t<\/div>\n\t\t\t\t<\/div>\n\t\t\t\t\t<\/div>\n\t\t\t\t<\/div>\n\t\t<div class=\"elementor-element elementor-element-a02bf7b e-flex e-con-boxed e-con e-parent\" data-id=\"a02bf7b\" data-element_type=\"container\" data-e-type=\"container\">\n\t\t\t\t\t<div class=\"e-con-inner\">\n\t\t<div class=\"elementor-element elementor-element-4641cce e-con-full e-flex e-con e-child\" data-id=\"4641cce\" data-element_type=\"container\" data-e-type=\"container\">\n\t\t\t\t<div class=\"elementor-element elementor-element-b9da6ab elementor-widget elementor-widget-image\" data-id=\"b9da6ab\" data-element_type=\"widget\" data-e-type=\"widget\" data-widget_type=\"image.default\">\n\t\t\t\t\t\t\t\t\t\t\t\t\t\t\t<img loading=\"lazy\" decoding=\"async\" width=\"334\" height=\"209\" src=\"https:\/\/factoryforexrebate.com\/wp-content\/uploads\/2025\/09\/1.-Exness-1.png\" class=\"attachment-large size-large wp-image-59\" alt=\"\" srcset=\"https:\/\/factoryforexrebate.com\/wp-content\/uploads\/2025\/09\/1.-Exness-1.png 334w, https:\/\/factoryforexrebate.com\/wp-content\/uploads\/2025\/09\/1.-Exness-1-300x188.png 300w\" sizes=\"(max-width: 334px) 100vw, 334px\" \/>\t\t\t\t\t\t\t\t\t\t\t\t\t\t\t<\/div>\n\t\t\t\t<\/div>\n\t\t<div class=\"elementor-element elementor-element-6e23ab2 e-con-full e-flex e-con e-child\" data-id=\"6e23ab2\" data-element_type=\"container\" data-e-type=\"container\">\n\t\t\t\t<div class=\"elementor-element elementor-element-195fd19 elementor-widget elementor-widget-text-editor\" data-id=\"195fd19\" data-element_type=\"widget\" data-e-type=\"widget\" data-widget_type=\"text-editor.default\">\n\t\t\t\t\t\t\t\t\t<h3 data-start=\"2512\" data-end=\"2545\"><strong data-start=\"2516\" data-end=\"2545\">Chuy\u1ec3n IB \u1edf Exness<\/strong><\/h3><p data-start=\"2546\" data-end=\"2556\"><strong data-start=\"2546\" data-end=\"2556\">C\u00e1c b\u01b0\u1edbc:<\/strong><\/p><ul data-start=\"2557\" data-end=\"2872\"><li data-start=\"2557\" data-end=\"2633\"><p>Vui l\u00f2ng \u0111\u0103ng nh\u1eadp qua \u1ee9ng d\u1ee5ng trang web \/ exness v\u00e0 nh\u1ea5p v\u00e0o tr\u00f2 chuy\u1ec7n tr\u1ef1c ti\u1ebfp.<\/p><p>Nh\u1eadp \u201cChange Partner\u201d trong chat tr\u1ef1c ti\u1ebfp v\u00e0 m\u1ed9t li\u00ean k\u1ebft nh\u01b0 th\u1ebf n\u00e0y s\u1ebd xu\u1ea5t hi\u1ec7n:<\/p><p>\u0110\u01a1n gi\u1ea3n ch\u1ec9 c\u1ea7n \u0111i\u1ec1n v\u00e0o d\u00f2ng \u0111\u1ea7u ti\u00ean v\u00e0 d\u00f2ng th\u1ee9 hai. Trong d\u00f2ng th\u1ee9 hai, \u201cNh\u1eadp t\u00e0i kho\u1ea3n \u0111\u1ed1i t\u00e1c ho\u1eb7c li\u00ean k\u1ebft \u0111\u1ed1i t\u00e1c c\u1ee7a \u0111\u1ed1i t\u00e1c m\u1edbi\u201d, \u0111i\u1ec1n v\u00e0o li\u00ean k\u1ebft h\u1ee3p t\u00e1c ho\u00e0n ch\u1ec9nh c\u1ee7a ch\u00fang t\u00f4i: https:\/\/one.exness-track.com\/boarding\/sign-up\/a\/an35qh2t<br \/>M\u00e3 IB: AN35QH2T<br \/>(d\u00f2ng th\u1ee9 ba v\u00e0 th\u1ee9 t\u01b0 c\u00f3 th\u1ec3 \u0111\u1ec3 tr\u1ed1ng), sau \u0111\u00f3 g\u1eedi<\/p><\/li><\/ul>\t\t\t\t\t\t\t\t<\/div>\n\t\t\t\t<\/div>\n\t\t\t\t\t<\/div>\n\t\t\t\t<\/div>\n\t\t<div class=\"elementor-element elementor-element-b2b797e e-flex e-con-boxed e-con e-parent\" data-id=\"b2b797e\" data-element_type=\"container\" data-e-type=\"container\">\n\t\t\t\t\t<div class=\"e-con-inner\">\n\t\t<div class=\"elementor-element elementor-element-54a348e e-con-full e-flex e-con e-child\" data-id=\"54a348e\" data-element_type=\"container\" data-e-type=\"container\">\n\t\t\t\t<div class=\"elementor-element elementor-element-9f67ecf elementor-widget elementor-widget-image\" data-id=\"9f67ecf\" data-element_type=\"widget\" data-e-type=\"widget\" data-widget_type=\"image.default\">\n\t\t\t\t\t\t\t\t\t\t\t\t\t\t\t<img loading=\"lazy\" decoding=\"async\" width=\"667\" height=\"417\" src=\"https:\/\/factoryforexrebate.com\/wp-content\/uploads\/2025\/09\/windsor-broker-broker-image.jpg\" class=\"attachment-large size-large wp-image-73\" alt=\"\" srcset=\"https:\/\/factoryforexrebate.com\/wp-content\/uploads\/2025\/09\/windsor-broker-broker-image.jpg 667w, https:\/\/factoryforexrebate.com\/wp-content\/uploads\/2025\/09\/windsor-broker-broker-image-300x188.jpg 300w\" sizes=\"(max-width: 667px) 100vw, 667px\" \/>\t\t\t\t\t\t\t\t\t\t\t\t\t\t\t<\/div>\n\t\t\t\t<\/div>\n\t\t<div class=\"elementor-element elementor-element-e2d12c5 e-con-full e-flex e-con e-child\" data-id=\"e2d12c5\" data-element_type=\"container\" data-e-type=\"container\">\n\t\t\t\t<div class=\"elementor-element elementor-element-4b34a66 elementor-widget elementor-widget-text-editor\" data-id=\"4b34a66\" data-element_type=\"widget\" data-e-type=\"widget\" data-widget_type=\"text-editor.default\">\n\t\t\t\t\t\t\t\t\t<h3 data-start=\"2879\" data-end=\"2913\"><strong data-start=\"2883\" data-end=\"2913\">Chuy\u1ec3n IB t\u1ea1i Windsor<\/strong><\/h3><p data-start=\"2914\" data-end=\"2924\"><strong data-start=\"2914\" data-end=\"2924\">C\u00e1c b\u01b0\u1edbc:<\/strong><\/p><ul><li><b>Vui l\u00f2ng li\u00ean h\u1ec7 v\u1edbi b\u1ed9 ph\u1eadn h\u1ed7<\/b><\/li><\/ul>\t\t\t\t\t\t\t\t<\/div>\n\t\t\t\t<\/div>\n\t\t\t\t\t<\/div>\n\t\t\t\t<\/div>\n\t\t<div class=\"elementor-element elementor-element-9c557ad e-flex e-con-boxed e-con e-parent\" data-id=\"9c557ad\" data-element_type=\"container\" data-e-type=\"container\">\n\t\t\t\t\t<div class=\"e-con-inner\">\n\t\t<div class=\"elementor-element elementor-element-b6bea8b e-con-full e-flex e-con e-child\" data-id=\"b6bea8b\" data-element_type=\"container\" data-e-type=\"container\">\n\t\t\t\t<div class=\"elementor-element elementor-element-34d9063 elementor-widget elementor-widget-image\" data-id=\"34d9063\" data-element_type=\"widget\" data-e-type=\"widget\" data-widget_type=\"image.default\">\n\t\t\t\t\t\t\t\t\t\t\t\t\t\t\t<img loading=\"lazy\" decoding=\"async\" width=\"667\" height=\"417\" src=\"https:\/\/factoryforexrebate.com\/wp-content\/uploads\/2025\/09\/tickmillbroker-broker-image.jpg\" class=\"attachment-large size-large wp-image-74\" alt=\"H\u00ecnh \u1ea3nh m\u00f4i gi\u1edbi m\u00f4i gi\u1edbi TickMill\" srcset=\"https:\/\/factoryforexrebate.com\/wp-content\/uploads\/2025\/09\/tickmillbroker-broker-image.jpg 667w, https:\/\/factoryforexrebate.com\/wp-content\/uploads\/2025\/09\/tickmillbroker-broker-image-300x188.jpg 300w\" sizes=\"(max-width: 667px) 100vw, 667px\" \/>\t\t\t\t\t\t\t\t\t\t\t\t\t\t\t<\/div>\n\t\t\t\t<\/div>\n\t\t<div class=\"elementor-element elementor-element-4be0e79 e-con-full e-flex e-con e-child\" data-id=\"4be0e79\" data-element_type=\"container\" data-e-type=\"container\">\n\t\t\t\t<div class=\"elementor-element elementor-element-ae6243a elementor-widget elementor-widget-text-editor\" data-id=\"ae6243a\" data-element_type=\"widget\" data-e-type=\"widget\" data-widget_type=\"text-editor.default\">\n\t\t\t\t\t\t\t\t\t<h3 data-start=\"3257\" data-end=\"3292\"><strong data-start=\"3261\" data-end=\"3292\">Chuy\u1ec3n IB t\u1ea1i Tickmill<\/strong><\/h3><p data-start=\"3293\" data-end=\"3303\"><strong data-start=\"3293\" data-end=\"3303\">C\u00e1c b\u01b0\u1edbc:<\/strong><\/p><ul data-start=\"3304\" data-end=\"3664\"><li data-start=\"3304\" data-end=\"3387\"><p data-start=\"3306\" data-end=\"3387\"><b>Vui l\u00f2ng li\u00ean h\u1ec7 v\u1edbi b\u1ed9 ph\u1eadn h\u1ed7<\/b><\/p><\/li><\/ul>\t\t\t\t\t\t\t\t<\/div>\n\t\t\t\t<\/div>\n\t\t\t\t\t<\/div>\n\t\t\t\t<\/div>\n\t\t\t\t<\/div>","protected":false},"excerpt":{"rendered":"<p>How to Switch IB from IB A to IB B with Your Broker Switching IB at Headway Steps: Please copy the text below, paste it, and email it to: partner@hw.siteEmail subject: IB placementDear Headway Team, Please transfer my account to IB 3805852. Thank you. Switching IB at JustMarkets Steps: How clients can switch IBs Clients [&hellip;]<\/p>\n","protected":false},"author":1,"featured_media":0,"parent":0,"menu_order":0,"comment_status":"closed","ping_status":"closed","template":"","meta":{"footnotes":""},"class_list":["post-402","page","type-page","status-publish","hentry"],"_links":{"self":[{"href":"https:\/\/factoryforexrebate.com\/vi\/wp-json\/wp\/v2\/pages\/402","targetHints":{"allow":["GET"]}}],"collection":[{"href":"https:\/\/factoryforexrebate.com\/vi\/wp-json\/wp\/v2\/pages"}],"about":[{"href":"https:\/\/factoryforexrebate.com\/vi\/wp-json\/wp\/v2\/types\/page"}],"author":[{"embeddable":true,"href":"https:\/\/factoryforexrebate.com\/vi\/wp-json\/wp\/v2\/users\/1"}],"replies":[{"embeddable":true,"href":"https:\/\/factoryforexrebate.com\/vi\/wp-json\/wp\/v2\/comments?post=402"}],"version-history":[{"count":16,"href":"https:\/\/factoryforexrebate.com\/vi\/wp-json\/wp\/v2\/pages\/402\/revisions"}],"predecessor-version":[{"id":806,"href":"https:\/\/factoryforexrebate.com\/vi\/wp-json\/wp\/v2\/pages\/402\/revisions\/806"}],"wp:attachment":[{"href":"https:\/\/factoryforexrebate.com\/vi\/wp-json\/wp\/v2\/media?parent=402"}],"curies":[{"name":"WP","href":"https:\/\/api.w.org\/{rel}","templated":true}]}}